{"id":8,"date":"2011-02-09T11:32:01","date_gmt":"2011-02-09T10:32:01","guid":{"rendered":"http:\/\/www.ub-comm.de\/?page_id=8"},"modified":"2025-02-25T15:21:28","modified_gmt":"2025-02-25T14:21:28","slug":"uber-about","status":"publish","type":"page","link":"https:\/\/www.ub-comm.de\/?page_id=8","title":{"rendered":"\u00dcber | About"},"content":{"rendered":"<p><a title=\"english-version\" href=\"#english-version\"><img loading=\"lazy\" decoding=\"async\" class=\"alignright size-full wp-image-160\" title=\"english-version\" src=\"https:\/\/www.ub-comm.de\/wp-content\/uploads\/2011\/02\/gb.png\" alt=\"english-version\" width=\"18\" height=\"12\" \/><\/a><br \/>\nMit mehr als drei\u00dfig Jahren Erfahrung in der Pressearbeit sowie im Produktmanagement und Marketing von Musik-Ver\u00f6ffentlichungen und Tourneen bietet Uta Bretsch_Communications seit Januar 2004 kreative und ma\u00dfgeschneiderte PR-L\u00f6sungen f\u00fcr die Musikbranche.<\/p>\n<p style=\"text-align: left;\">Angefangen hat alles mit einem Praktikum im Archive of Contemporary Music in New York City Anfang der 1990er Jahre und danach gab es kein Zur\u00fcck mehr. Nach ihrem Magister-Studienabschluss begann Uta Bretsch 1995 in der Promotionabteilung von Rough Trade Records Germany zu arbeiten. Aus Rough Trade Records wurde Zomba Records und aus der Promotiont\u00e4tigkeit wurde \u00fcber die Stationen Label- und Produktmanagement \/ Promotion einige Jahre sp\u00e4ter eine Stelle als Senior Product Managerin sowie Abteilungsleiterin Promotion f\u00fcr die Genres Rock und Alternative.<\/p>\n<p>W\u00e4hrend dieser Zeit hat Uta Bretsch u.a. f\u00fcr folgende K\u00fcnstler und Labels gearbeitet:<br \/>\nK\u00fcnstler: Heather Nova, Einst\u00fcrzende Neubauten, Mouse On Mars, Blumfeld, Tocotronic, Gus Gus, Meret Becker, Kristin Hersh, Mogwai, Low, Grant Hart, Robert Forster, Transglobal Underground, Asian Dub Foundation, Buffalo Tom, Vic Chesnutt und viele andere. <\/p>\n<p>Labels: Rough Trade Records, 4AD Records, Beggars Banquet, Big Cat, Too Pure, Zomba Records, Nation Records, Rykodisc, Palm Pictures, Our Choice, Big Life, PLR\u2026.<\/p>\n<p>Im Januar 2004 gr\u00fcndete Uta Bretsch ihre Firma Uta Bretsch_Communications und hat seitdem u.a. f\u00fcr Labels wie Colosseum Music Entertainment, Crammed Discs, enja &#038; yellowbird, Glitterbeat, Kemado Records, No Format, Oriente Musik, Ozella Music, Talitres, Traumton, Underdog Records, Westpark Music, Wonderwheel Recordings und viele mehr gearbeitet.<\/p>\n<hr \/>\n<p>Uta Bretsch_Communications is a music PR firm founded in January 2004. With more than thirty years of music business experience, Uta Bretsch offers a wide range of expertise in creative and tailored PR, marketing and product management.<\/p>\n<p>It all started with an internship at the Archive of Contemporary Music in New York City in the early 1990s. After her MA degree, Uta Bretsch started working in the publicity department of Rough Trade Records Germany in 1995. Rough Trade Records turned into Zomba Records and the publicity job turned into a position as senior product manager and head of promotion rock \/ alternative a few years later. During this time, Uta Bretsch was responsible for the campaigns of the following artists among a long list of other great names: Einst\u00fcrzende Neubauten, Mouse On Mars, Heather Nova, Blumfeld, Tocotronic, Gus Gus, Meret Becker, Kristin Hersh, Mogwai, Low, Grant Hart, Robert Forster, Transglobal Underground, Asian Dub Foundation, Buffalo Tom, Vic Chesnutt&#8230;. <\/p>\n<p>Some of the labels she has worked with during this time include: Rough Trade Records, 4AD Records, Beggars Banquet, Big Cat, Too Pure, Zomba Records, Nation Records, Rykodisc, Palm Pictures, Our Choice, Big Life, PLR\u2026.<\/p>\n<p>In January 2004 Uta Bretsch founded her company Uta Bretsch_Communications and has since then worked for labels such as Colosseum Music Entertainment, Crammed Discs, enja &#038; yellowbird, Glitterbeat, Kemado Records, No Format, Oriente Musik, Ozella Music, Talitres, Traumton, Underdog Records, Westpark Music, Wonderwheel Recordings and many more.<\/p>\n","protected":false},"excerpt":{"rendered":"<p>Mit mehr als drei\u00dfig Jahren Erfahrung in der Pressearbeit sowie im Produktmanagement und Marketing von Musik-Ver\u00f6ffentlichungen und Tourneen bietet Uta Bretsch_Communications seit Januar 2004 kreative und ma\u00dfgeschneiderte PR-L\u00f6sungen f\u00fcr die Musikbranche. Angefangen hat alles mit einem Praktikum im Archive of Contemporary Music in New York City Anfang der 1990er Jahre und danach gab es kein Zur\u00fcck mehr. Nach ihrem Magister-Studienabschluss begann Uta Bretsch 1995 in der Promotionabteilung von Rough Trade &hellip; <a href=\"https:\/\/www.ub-comm.de\/?page_id=8\">Weiterlesen <span class=\"meta-nav\">&rarr;<\/span><\/a><\/p>\n","protected":false},"author":5,"featured_media":0,"parent":0,"menu_order":1,"comment_status":"closed","ping_status":"closed","template":"","meta":{"footnotes":""},"class_list":["post-8","page","type-page","status-publish","hentry"],"_links":{"self":[{"href":"https:\/\/www.ub-comm.de\/index.php?rest_route=\/wp\/v2\/pages\/8","targetHints":{"allow":["GET"]}}],"collection":[{"href":"https:\/\/www.ub-comm.de\/index.php?rest_route=\/wp\/v2\/pages"}],"about":[{"href":"https:\/\/www.ub-comm.de\/index.php?rest_route=\/wp\/v2\/types\/page"}],"author":[{"embeddable":true,"href":"https:\/\/www.ub-comm.de\/index.php?rest_route=\/wp\/v2\/users\/5"}],"replies":[{"embeddable":true,"href":"https:\/\/www.ub-comm.de\/index.php?rest_route=%2Fwp%2Fv2%2Fcomments&post=8"}],"version-history":[{"count":0,"href":"https:\/\/www.ub-comm.de\/index.php?rest_route=\/wp\/v2\/pages\/8\/revisions"}],"wp:attachment":[{"href":"https:\/\/www.ub-comm.de\/index.php?rest_route=%2Fwp%2Fv2%2Fmedia&parent=8"}],"curies":[{"name":"wp","href":"https:\/\/api.w.org\/{rel}","templated":true}]}}